{"id":1277,"date":"2021-03-10T14:44:41","date_gmt":"2021-03-10T13:44:41","guid":{"rendered":"https:\/\/www.campinglabreva.com\/comer-see\/"},"modified":"2021-03-10T14:44:42","modified_gmt":"2021-03-10T13:44:42","slug":"comer-see","status":"publish","type":"page","link":"https:\/\/www.campinglabreva.com\/de\/comer-see\/","title":{"rendered":"Comer See"},"content":{"rendered":"\t\t<div data-elementor-type=\"wp-page\" data-elementor-id=\"1277\" class=\"elementor elementor-1277 elementor-723\" data-elementor-post-type=\"page\">\n\t\t\t\t\t\t<section class=\"elementor-section elementor-top-section elementor-element elementor-element-95a98b8 elementor-section-height-min-height elementor-section-boxed elementor-section-height-default elementor-section-items-middle\" data-id=\"95a98b8\" data-element_type=\"section\" data-settings=\"{&quot;background_background&quot;:&quot;classic&quot;}\">\n\t\t\t\t\t\t<div class=\"elementor-container elementor-column-gap-default\">\n\t\t\t\t\t<div class=\"elementor-column elementor-col-100 elementor-top-column elementor-element elementor-element-f53ad43\" data-id=\"f53ad43\" data-element_type=\"column\">\n\t\t\t<div class=\"elementor-widget-wrap elementor-element-populated\">\n\t\t\t\t\t\t\t<\/div>\n\t\t<\/div>\n\t\t\t\t\t<\/div>\n\t\t<\/section>\n\t\t\t\t<section class=\"elementor-section elementor-top-section elementor-element elementor-element-d97fd05 elementor-reverse-tablet elementor-reverse-mobile elementor-section-boxed elementor-section-height-default elementor-section-height-default\" data-id=\"d97fd05\" data-element_type=\"section\">\n\t\t\t\t\t\t<div class=\"elementor-container elementor-column-gap-default\">\n\t\t\t\t\t<div class=\"elementor-column elementor-col-33 elementor-top-column elementor-element elementor-element-e6cd371 elementor-hidden-tablet elementor-hidden-phone\" data-id=\"e6cd371\" data-element_type=\"column\">\n\t\t\t<div class=\"elementor-widget-wrap elementor-element-populated\">\n\t\t\t\t\t\t<div class=\"elementor-element elementor-element-90db7f5 elementor-widget elementor-widget-image\" data-id=\"90db7f5\" data-element_type=\"widget\" data-widget_type=\"image.default\">\n\t\t\t\t<div class=\"elementor-widget-container\">\n\t\t\t\t\t\t\t\t\t\t\t\t\t\t\t\t<a href=\"https:\/\/www.campinglabreva.com\/wp-content\/uploads\/2021\/02\/discesa-lupo.jpg\" data-elementor-open-lightbox=\"yes\" data-elementor-lightbox-title=\"discesa-lupo\" data-e-action-hash=\"#elementor-action%3Aaction%3Dlightbox%26settings%3DeyJpZCI6MTI4MCwidXJsIjoiaHR0cHM6XC9cL3d3dy5jYW1waW5nbGFicmV2YS5jb21cL3dwLWNvbnRlbnRcL3VwbG9hZHNcLzIwMjFcLzAyXC9kaXNjZXNhLWx1cG8uanBnIn0%3D\">\n\t\t\t\t\t\t\t<img fetchpriority=\"high\" decoding=\"async\" width=\"1080\" height=\"1080\" src=\"https:\/\/www.campinglabreva.com\/wp-content\/uploads\/2021\/02\/discesa-lupo.jpg\" class=\"elementor-animation-float attachment-full size-full wp-image-1280\" alt=\"\" srcset=\"https:\/\/www.campinglabreva.com\/wp-content\/uploads\/2021\/02\/discesa-lupo.jpg 1080w, https:\/\/www.campinglabreva.com\/wp-content\/uploads\/2021\/02\/discesa-lupo-300x300.jpg 300w, https:\/\/www.campinglabreva.com\/wp-content\/uploads\/2021\/02\/discesa-lupo-1024x1024.jpg 1024w, https:\/\/www.campinglabreva.com\/wp-content\/uploads\/2021\/02\/discesa-lupo-150x150.jpg 150w, https:\/\/www.campinglabreva.com\/wp-content\/uploads\/2021\/02\/discesa-lupo-768x768.jpg 768w\" sizes=\"(max-width: 1080px) 100vw, 1080px\" \/>\t\t\t\t\t\t\t\t<\/a>\n\t\t\t\t\t\t\t\t\t\t\t\t\t\t\t<\/div>\n\t\t\t\t<\/div>\n\t\t\t\t\t<\/div>\n\t\t<\/div>\n\t\t\t\t<div class=\"elementor-column elementor-col-33 elementor-top-column elementor-element elementor-element-35017d4 elementor-hidden-tablet elementor-hidden-phone\" data-id=\"35017d4\" data-element_type=\"column\">\n\t\t\t<div class=\"elementor-widget-wrap elementor-element-populated\">\n\t\t\t\t\t\t<div class=\"elementor-element elementor-element-05efa4e elementor-widget elementor-widget-image\" data-id=\"05efa4e\" data-element_type=\"widget\" data-widget_type=\"image.default\">\n\t\t\t\t<div class=\"elementor-widget-container\">\n\t\t\t\t\t\t\t\t\t\t\t\t\t\t\t\t<a href=\"https:\/\/www.campinglabreva.com\/wp-content\/uploads\/2021\/02\/orrido-bellano.jpg\" data-elementor-open-lightbox=\"yes\" data-elementor-lightbox-title=\"orrido-bellano\" data-e-action-hash=\"#elementor-action%3Aaction%3Dlightbox%26settings%3DeyJpZCI6MTI4MywidXJsIjoiaHR0cHM6XC9cL3d3dy5jYW1waW5nbGFicmV2YS5jb21cL3dwLWNvbnRlbnRcL3VwbG9hZHNcLzIwMjFcLzAyXC9vcnJpZG8tYmVsbGFuby5qcGcifQ%3D%3D\">\n\t\t\t\t\t\t\t<img decoding=\"async\" width=\"1080\" height=\"1080\" src=\"https:\/\/www.campinglabreva.com\/wp-content\/uploads\/2021\/02\/orrido-bellano.jpg\" class=\"elementor-animation-float attachment-full size-full wp-image-1283\" alt=\"\" srcset=\"https:\/\/www.campinglabreva.com\/wp-content\/uploads\/2021\/02\/orrido-bellano.jpg 1080w, https:\/\/www.campinglabreva.com\/wp-content\/uploads\/2021\/02\/orrido-bellano-300x300.jpg 300w, https:\/\/www.campinglabreva.com\/wp-content\/uploads\/2021\/02\/orrido-bellano-1024x1024.jpg 1024w, https:\/\/www.campinglabreva.com\/wp-content\/uploads\/2021\/02\/orrido-bellano-150x150.jpg 150w, https:\/\/www.campinglabreva.com\/wp-content\/uploads\/2021\/02\/orrido-bellano-768x768.jpg 768w\" sizes=\"(max-width: 1080px) 100vw, 1080px\" \/>\t\t\t\t\t\t\t\t<\/a>\n\t\t\t\t\t\t\t\t\t\t\t\t\t\t\t<\/div>\n\t\t\t\t<\/div>\n\t\t\t\t\t<\/div>\n\t\t<\/div>\n\t\t\t\t<div class=\"elementor-column elementor-col-33 elementor-top-column elementor-element elementor-element-4ad39aa\" data-id=\"4ad39aa\" data-element_type=\"column\">\n\t\t\t<div class=\"elementor-widget-wrap elementor-element-populated\">\n\t\t\t\t\t\t<div class=\"elementor-element elementor-element-f58199d elementor-widget elementor-widget-heading\" data-id=\"f58199d\" data-element_type=\"widget\" data-widget_type=\"heading.default\">\n\t\t\t\t<div class=\"elementor-widget-container\">\n\t\t\t\t\t<h2 class=\"elementor-heading-title elementor-size-default\">Das Territorium<\/h2>\t\t\t\t<\/div>\n\t\t\t\t<\/div>\n\t\t\t\t<section class=\"elementor-section elementor-inner-section elementor-element elementor-element-9860ee4 elementor-section-boxed elementor-section-height-default elementor-section-height-default\" data-id=\"9860ee4\" data-element_type=\"section\">\n\t\t\t\t\t\t<div class=\"elementor-container elementor-column-gap-default\">\n\t\t\t\t\t<div class=\"elementor-column elementor-col-100 elementor-inner-column elementor-element elementor-element-9c2b23e\" data-id=\"9c2b23e\" data-element_type=\"column\">\n\t\t\t<div class=\"elementor-widget-wrap elementor-element-populated\">\n\t\t\t\t\t\t<div class=\"elementor-element elementor-element-0c54101 elementor-widget elementor-widget-text-editor\" data-id=\"0c54101\" data-element_type=\"widget\" data-widget_type=\"text-editor.default\">\n\t\t\t\t<div class=\"elementor-widget-container\">\n\t\t\t\t\t\t\t\t\t<p>Das Gebiet des Alto Lario ist durch eine F\u00fclle von nat\u00fcrlichen Umgebungen und aus diesem Grund gekennzeichnet bietet Rundg\u00e4nge zu jeder Ausfl\u00fcge f\u00fcr Naturliebhaber Anzug und wird besser wissen, als zu Fu\u00df entlang einer kurzen Strecke des Weges, sowie den erfahrenen Wanderer und geschult.<\/p>\n<p>Bekannterweise sind das mittlere und obere Lario perfekte Ziele f\u00fcr Wasser-und Segelsport, die aus ganz Italien und vor allem aus dem Ausland viele Begeisterte anziehen, die in den Sommermonaten zahlreiche Regatten austragen und mit ihren bunten Segeln die Wasser des Lario beleben. Der Erfolg des Segelsports ist vor allem durch den \u201cBreva\u201d erm\u00f6glicht, der hier \u00fcbliche Wind, der von S\u00fcden nach Norden weht und den idealen und unersch\u00f6pflichen \u201cBrennstoff\u201d f\u00fcr diejenigen bildet, die sich mit Windsurf, Segeln oder Kitesurf vergn\u00fcgen wollen. Manchmal, wenn die See ruhig ist k\u00f6nnen Sie Wasserski, Wakeboard und Kanu fahren.<\/p>\n\t\t\t\t\t\t\t\t<\/div>\n\t\t\t\t<\/div>\n\t\t\t\t\t<\/div>\n\t\t<\/div>\n\t\t\t\t\t<\/div>\n\t\t<\/section>\n\t\t\t\t\t<\/div>\n\t\t<\/div>\n\t\t\t\t\t<\/div>\n\t\t<\/section>\n\t\t\t\t<section class=\"elementor-section elementor-top-section elementor-element elementor-element-5b9deb2 elementor-section-boxed elementor-section-height-default elementor-section-height-default\" data-id=\"5b9deb2\" data-element_type=\"section\" data-settings=\"{&quot;background_background&quot;:&quot;classic&quot;}\">\n\t\t\t\t\t\t<div class=\"elementor-container elementor-column-gap-default\">\n\t\t\t\t\t<div class=\"elementor-column elementor-col-100 elementor-top-column elementor-element elementor-element-6447238\" data-id=\"6447238\" data-element_type=\"column\">\n\t\t\t<div class=\"elementor-widget-wrap elementor-element-populated\">\n\t\t\t\t\t\t<div class=\"elementor-element elementor-element-69e2aca elementor-widget elementor-widget-heading\" data-id=\"69e2aca\" data-element_type=\"widget\" data-widget_type=\"heading.default\">\n\t\t\t\t<div class=\"elementor-widget-container\">\n\t\t\t\t\t<h2 class=\"elementor-heading-title elementor-size-default\">Finden Sie heraus, was zu tun ist:<\/h2>\t\t\t\t<\/div>\n\t\t\t\t<\/div>\n\t\t\t\t\t<\/div>\n\t\t<\/div>\n\t\t\t\t\t<\/div>\n\t\t<\/section>\n\t\t\t\t<\/div>\n\t\t","protected":false},"excerpt":{"rendered":"<p>Das Territorium Das Gebiet des Alto Lario ist durch eine F\u00fclle von nat\u00fcrlichen Umgebungen und aus diesem Grund gekennzeichnet bietet Rundg\u00e4nge zu jeder Ausfl\u00fcge f\u00fcr Naturliebhaber Anzug und wird besser wissen, als zu Fu\u00df entlang einer kurzen Strecke des Weges, sowie den erfahrenen Wanderer und geschult. Bekannterweise sind das mittlere und obere Lario perfekte Ziele [&hellip;]<\/p>\n","protected":false},"author":1,"featured_media":0,"parent":0,"menu_order":0,"comment_status":"closed","ping_status":"closed","template":"","meta":{"footnotes":""},"class_list":["post-1277","page","type-page","status-publish","hentry"],"yoast_head":"<!-- This site is optimized with the Yoast SEO plugin v26.3 - https:\/\/yoast.com\/wordpress\/plugins\/seo\/ -->\n<title>Comer See | Camping La Breva<\/title>\n<meta name=\"robots\" content=\"index, follow, max-snippet:-1, max-image-preview:large, max-video-preview:-1\" \/>\n<link rel=\"canonical\" href=\"https:\/\/www.campinglabreva.com\/de\/comer-see\/\" \/>\n<meta property=\"og:locale\" content=\"de_DE\" \/>\n<meta property=\"og:type\" content=\"article\" \/>\n<meta property=\"og:title\" content=\"Comer See | Camping La Breva\" \/>\n<meta property=\"og:description\" content=\"Das Territorium Das Gebiet des Alto Lario ist durch eine F\u00fclle von nat\u00fcrlichen Umgebungen und aus diesem Grund gekennzeichnet bietet Rundg\u00e4nge zu jeder Ausfl\u00fcge f\u00fcr Naturliebhaber Anzug und wird besser wissen, als zu Fu\u00df entlang einer kurzen Strecke des Weges, sowie den erfahrenen Wanderer und geschult. Bekannterweise sind das mittlere und obere Lario perfekte Ziele [&hellip;]\" \/>\n<meta property=\"og:url\" content=\"https:\/\/www.campinglabreva.com\/de\/comer-see\/\" \/>\n<meta property=\"og:site_name\" content=\"Camping La Breva\" \/>\n<meta property=\"article:publisher\" content=\"https:\/\/www.facebook.com\/CampeggioLaBreva\/\" \/>\n<meta property=\"article:modified_time\" content=\"2021-03-10T13:44:42+00:00\" \/>\n<meta property=\"og:image\" content=\"https:\/\/www.campinglabreva.com\/wp-content\/uploads\/2021\/02\/discesa-lupo.jpg\" \/>\n<meta name=\"twitter:card\" content=\"summary_large_image\" \/>\n<meta name=\"twitter:label1\" content=\"Gesch\u00e4tzte Lesezeit\" \/>\n\t<meta name=\"twitter:data1\" content=\"1\u00a0Minute\" \/>\n<script type=\"application\/ld+json\" class=\"yoast-schema-graph\">{\"@context\":\"https:\/\/schema.org\",\"@graph\":[{\"@type\":\"WebPage\",\"@id\":\"https:\/\/www.campinglabreva.com\/de\/comer-see\/\",\"url\":\"https:\/\/www.campinglabreva.com\/de\/comer-see\/\",\"name\":\"Comer See | Camping La Breva\",\"isPartOf\":{\"@id\":\"https:\/\/www.campinglabreva.com\/de\/#website\"},\"primaryImageOfPage\":{\"@id\":\"https:\/\/www.campinglabreva.com\/de\/comer-see\/#primaryimage\"},\"image\":{\"@id\":\"https:\/\/www.campinglabreva.com\/de\/comer-see\/#primaryimage\"},\"thumbnailUrl\":\"https:\/\/www.campinglabreva.com\/wp-content\/uploads\/2021\/02\/discesa-lupo.jpg\",\"datePublished\":\"2021-03-10T13:44:41+00:00\",\"dateModified\":\"2021-03-10T13:44:42+00:00\",\"breadcrumb\":{\"@id\":\"https:\/\/www.campinglabreva.com\/de\/comer-see\/#breadcrumb\"},\"inLanguage\":\"de\",\"potentialAction\":[{\"@type\":\"ReadAction\",\"target\":[\"https:\/\/www.campinglabreva.com\/de\/comer-see\/\"]}]},{\"@type\":\"ImageObject\",\"inLanguage\":\"de\",\"@id\":\"https:\/\/www.campinglabreva.com\/de\/comer-see\/#primaryimage\",\"url\":\"https:\/\/www.campinglabreva.com\/wp-content\/uploads\/2021\/02\/discesa-lupo.jpg\",\"contentUrl\":\"https:\/\/www.campinglabreva.com\/wp-content\/uploads\/2021\/02\/discesa-lupo.jpg\"},{\"@type\":\"BreadcrumbList\",\"@id\":\"https:\/\/www.campinglabreva.com\/de\/comer-see\/#breadcrumb\",\"itemListElement\":[{\"@type\":\"ListItem\",\"position\":1,\"name\":\"Home\",\"item\":\"https:\/\/www.campinglabreva.com\/de\/\"},{\"@type\":\"ListItem\",\"position\":2,\"name\":\"Comer See\"}]},{\"@type\":\"WebSite\",\"@id\":\"https:\/\/www.campinglabreva.com\/de\/#website\",\"url\":\"https:\/\/www.campinglabreva.com\/de\/\",\"name\":\"Camping La Breva\",\"description\":\"Il tuo camping sul Lago di Como\",\"publisher\":{\"@id\":\"https:\/\/www.campinglabreva.com\/de\/#organization\"},\"potentialAction\":[{\"@type\":\"SearchAction\",\"target\":{\"@type\":\"EntryPoint\",\"urlTemplate\":\"https:\/\/www.campinglabreva.com\/de\/?s={search_term_string}\"},\"query-input\":{\"@type\":\"PropertyValueSpecification\",\"valueRequired\":true,\"valueName\":\"search_term_string\"}}],\"inLanguage\":\"de\"},{\"@type\":\"Organization\",\"@id\":\"https:\/\/www.campinglabreva.com\/de\/#organization\",\"name\":\"Camping La Breva\",\"url\":\"https:\/\/www.campinglabreva.com\/de\/\",\"logo\":{\"@type\":\"ImageObject\",\"inLanguage\":\"de\",\"@id\":\"https:\/\/www.campinglabreva.com\/de\/#\/schema\/logo\/image\/\",\"url\":\"https:\/\/www.campinglabreva.com\/wp-content\/uploads\/2021\/02\/logo.png\",\"contentUrl\":\"https:\/\/www.campinglabreva.com\/wp-content\/uploads\/2021\/02\/logo.png\",\"width\":239,\"height\":168,\"caption\":\"Camping La Breva\"},\"image\":{\"@id\":\"https:\/\/www.campinglabreva.com\/de\/#\/schema\/logo\/image\/\"},\"sameAs\":[\"https:\/\/www.facebook.com\/CampeggioLaBreva\/\",\"https:\/\/www.instagram.com\/campinglabreva\/\"]}]}<\/script>\n<!-- \/ Yoast SEO plugin. -->","yoast_head_json":{"title":"Comer See | Camping La Breva","robots":{"index":"index","follow":"follow","max-snippet":"max-snippet:-1","max-image-preview":"max-image-preview:large","max-video-preview":"max-video-preview:-1"},"canonical":"https:\/\/www.campinglabreva.com\/de\/comer-see\/","og_locale":"de_DE","og_type":"article","og_title":"Comer See | Camping La Breva","og_description":"Das Territorium Das Gebiet des Alto Lario ist durch eine F\u00fclle von nat\u00fcrlichen Umgebungen und aus diesem Grund gekennzeichnet bietet Rundg\u00e4nge zu jeder Ausfl\u00fcge f\u00fcr Naturliebhaber Anzug und wird besser wissen, als zu Fu\u00df entlang einer kurzen Strecke des Weges, sowie den erfahrenen Wanderer und geschult. Bekannterweise sind das mittlere und obere Lario perfekte Ziele [&hellip;]","og_url":"https:\/\/www.campinglabreva.com\/de\/comer-see\/","og_site_name":"Camping La Breva","article_publisher":"https:\/\/www.facebook.com\/CampeggioLaBreva\/","article_modified_time":"2021-03-10T13:44:42+00:00","og_image":[{"url":"https:\/\/www.campinglabreva.com\/wp-content\/uploads\/2021\/02\/discesa-lupo.jpg","type":"","width":"","height":""}],"twitter_card":"summary_large_image","twitter_misc":{"Gesch\u00e4tzte Lesezeit":"1\u00a0Minute"},"schema":{"@context":"https:\/\/schema.org","@graph":[{"@type":"WebPage","@id":"https:\/\/www.campinglabreva.com\/de\/comer-see\/","url":"https:\/\/www.campinglabreva.com\/de\/comer-see\/","name":"Comer See | Camping La Breva","isPartOf":{"@id":"https:\/\/www.campinglabreva.com\/de\/#website"},"primaryImageOfPage":{"@id":"https:\/\/www.campinglabreva.com\/de\/comer-see\/#primaryimage"},"image":{"@id":"https:\/\/www.campinglabreva.com\/de\/comer-see\/#primaryimage"},"thumbnailUrl":"https:\/\/www.campinglabreva.com\/wp-content\/uploads\/2021\/02\/discesa-lupo.jpg","datePublished":"2021-03-10T13:44:41+00:00","dateModified":"2021-03-10T13:44:42+00:00","breadcrumb":{"@id":"https:\/\/www.campinglabreva.com\/de\/comer-see\/#breadcrumb"},"inLanguage":"de","potentialAction":[{"@type":"ReadAction","target":["https:\/\/www.campinglabreva.com\/de\/comer-see\/"]}]},{"@type":"ImageObject","inLanguage":"de","@id":"https:\/\/www.campinglabreva.com\/de\/comer-see\/#primaryimage","url":"https:\/\/www.campinglabreva.com\/wp-content\/uploads\/2021\/02\/discesa-lupo.jpg","contentUrl":"https:\/\/www.campinglabreva.com\/wp-content\/uploads\/2021\/02\/discesa-lupo.jpg"},{"@type":"BreadcrumbList","@id":"https:\/\/www.campinglabreva.com\/de\/comer-see\/#breadcrumb","itemListElement":[{"@type":"ListItem","position":1,"name":"Home","item":"https:\/\/www.campinglabreva.com\/de\/"},{"@type":"ListItem","position":2,"name":"Comer See"}]},{"@type":"WebSite","@id":"https:\/\/www.campinglabreva.com\/de\/#website","url":"https:\/\/www.campinglabreva.com\/de\/","name":"Camping La Breva","description":"Il tuo camping sul Lago di Como","publisher":{"@id":"https:\/\/www.campinglabreva.com\/de\/#organization"},"potentialAction":[{"@type":"SearchAction","target":{"@type":"EntryPoint","urlTemplate":"https:\/\/www.campinglabreva.com\/de\/?s={search_term_string}"},"query-input":{"@type":"PropertyValueSpecification","valueRequired":true,"valueName":"search_term_string"}}],"inLanguage":"de"},{"@type":"Organization","@id":"https:\/\/www.campinglabreva.com\/de\/#organization","name":"Camping La Breva","url":"https:\/\/www.campinglabreva.com\/de\/","logo":{"@type":"ImageObject","inLanguage":"de","@id":"https:\/\/www.campinglabreva.com\/de\/#\/schema\/logo\/image\/","url":"https:\/\/www.campinglabreva.com\/wp-content\/uploads\/2021\/02\/logo.png","contentUrl":"https:\/\/www.campinglabreva.com\/wp-content\/uploads\/2021\/02\/logo.png","width":239,"height":168,"caption":"Camping La Breva"},"image":{"@id":"https:\/\/www.campinglabreva.com\/de\/#\/schema\/logo\/image\/"},"sameAs":["https:\/\/www.facebook.com\/CampeggioLaBreva\/","https:\/\/www.instagram.com\/campinglabreva\/"]}]}},"_links":{"self":[{"href":"https:\/\/www.campinglabreva.com\/de\/wp-json\/wp\/v2\/pages\/1277","targetHints":{"allow":["GET"]}}],"collection":[{"href":"https:\/\/www.campinglabreva.com\/de\/wp-json\/wp\/v2\/pages"}],"about":[{"href":"https:\/\/www.campinglabreva.com\/de\/wp-json\/wp\/v2\/types\/page"}],"author":[{"embeddable":true,"href":"https:\/\/www.campinglabreva.com\/de\/wp-json\/wp\/v2\/users\/1"}],"replies":[{"embeddable":true,"href":"https:\/\/www.campinglabreva.com\/de\/wp-json\/wp\/v2\/comments?post=1277"}],"version-history":[{"count":1,"href":"https:\/\/www.campinglabreva.com\/de\/wp-json\/wp\/v2\/pages\/1277\/revisions"}],"predecessor-version":[{"id":1279,"href":"https:\/\/www.campinglabreva.com\/de\/wp-json\/wp\/v2\/pages\/1277\/revisions\/1279"}],"wp:attachment":[{"href":"https:\/\/www.campinglabreva.com\/de\/wp-json\/wp\/v2\/media?parent=1277"}],"curies":[{"name":"wp","href":"https:\/\/api.w.org\/{rel}","templated":true}]}}